{"id":3506,"date":"2023-01-28T11:40:39","date_gmt":"2023-01-28T16:40:39","guid":{"rendered":"https:\/\/ang.webdesignsbocaraton.com\/?post_type=product&#038;p=3506"},"modified":"2025-08-21T17:40:37","modified_gmt":"2025-08-21T17:40:37","slug":"inteligente-y","status":"publish","type":"product","link":"https:\/\/angconverters.com\/es\/smart-y\/","title":{"rendered":"Smart-Y | combina dos 50A Monof\u00e1sicos del pedestal a uno de 100A para la conexi\u00f3n de su barco"},"content":{"rendered":"<p>PLAZO DE ENTREGA: 1-3 d\u00edas laborables<\/p>\n<p>Controlador paralelo autom\u00e1tico - Monof\u00e1sico<\/p>\n<p><strong>ENTRADA: Dos 50A 120\/240V 60Hz Dos 50A 0\/230V 50Hz<\/strong><\/p>\n<p><strong>SALIDA: Una 100A 120\/240V 60Hz Una 100A 0\/230V 50Hz<\/p>\n<p>_<\/strong><\/p>\n<p><strong>ADVERTENCIAS<\/strong><\/p>\n<p>Es posible que la unidad no funcione en muelles con protecci\u00f3n GFCI.<\/p>\n<p>Conecte y desconecte siempre los dos cables de 50 Amp 120\/240V simult\u00e1neamente.<\/p>\n<p>No utilices el Smart-Y si no hay un transformador o convertidor instalado a bordo.<\/p>\n<p>NO USAR con un solo 50 Amp.<\/p>\n<p>PRECAUCI\u00d3N - riesgo de descarga el\u00e9ctrica.<\/p>\n<p>NO TOQUE NUNCA LAS CLAVIJAS EXPUESTAS SI LA OTRA EST\u00c1 CONECTADA.<\/p>\n<p>El Smart-Y est\u00e1 dise\u00f1ado para funcionar a 120 V\/240 V, 50\/60 Hz. No se garantiza un funcionamiento correcto cuando se conecta a sistemas trif\u00e1sicos (por ejemplo, 208 V) y no se recomienda su uso con dichas configuraciones. El Smart-Y est\u00e1 dise\u00f1ado \u00fanicamente para aplicaciones monof\u00e1sicas o bif\u00e1sicas y no es compatible con la alimentaci\u00f3n trif\u00e1sica.<\/p>\n<p>Para CONECTAR: Coloque ambos disyuntores de las tomas del pedestal de alimentaci\u00f3n en la posici\u00f3n OFF, conecte los enchufes de entrada 1 y 2 y el enchufe de carga a la salida de 100 amperios y, por \u00faltimo, encienda ambos disyuntores del pedestal del muelle.<\/p>\n<p>Para DESCONECTAR: apague ambos disyuntores de muelle y desconecte los enchufes de entrada 1 y 2, as\u00ed como el enchufe conectado a la salida de 100 amperios.<\/p>\n<p>Este aparato debe alimentarse siempre (Entradas 1 y 2) a trav\u00e9s de disyuntores de 50 Amperios.<\/p>\n<p>Este dispositivo no protege contra sobrecargas o cortocircuitos que pueda producir la carga conectada a la Salida de 100 Amperios.<br \/>\nEste dispositivo no proporciona aislamiento galv\u00e1nico; por lo tanto, debe utilizar un transformador de aislamiento.<\/p>","protected":false},"excerpt":{"rendered":"<p>PLAZO DE ENTREGA: 1-3 d\u00edas laborables<\/p>\n<p>Controlador paralelo autom\u00e1tico<\/p>\n<p><strong>ENTRADA: Dos 50A 120\/240V 60Hz Dos 50A 0\/230V 50Hz<\/strong><\/p>\n<p><strong>SALIDA: Una 100A 120\/240V 60Hz Una 100A 0\/230V 50Hz<\/strong><\/p>","protected":false},"featured_media":3462,"comment_status":"closed","ping_status":"closed","template":"","meta":[],"product_brand":[],"product_cat":[17],"product_tag":[],"class_list":{"0":"post-3506","1":"product","2":"type-product","3":"status-publish","4":"has-post-thumbnail","6":"product_cat-dockside-connections","8":"first","9":"instock","10":"taxable","11":"shipping-taxable","12":"purchasable","13":"product-type-simple"},"jetpack_sharing_enabled":true,"_links":{"self":[{"href":"https:\/\/angconverters.com\/es\/wp-json\/wp\/v2\/product\/3506","targetHints":{"allow":["GET"]}}],"collection":[{"href":"https:\/\/angconverters.com\/es\/wp-json\/wp\/v2\/product"}],"about":[{"href":"https:\/\/angconverters.com\/es\/wp-json\/wp\/v2\/types\/product"}],"replies":[{"embeddable":true,"href":"https:\/\/angconverters.com\/es\/wp-json\/wp\/v2\/comments?post=3506"}],"wp:featuredmedia":[{"embeddable":true,"href":"https:\/\/angconverters.com\/es\/wp-json\/wp\/v2\/media\/3462"}],"wp:attachment":[{"href":"https:\/\/angconverters.com\/es\/wp-json\/wp\/v2\/media?parent=3506"}],"wp:term":[{"taxonomy":"product_brand","embeddable":true,"href":"https:\/\/angconverters.com\/es\/wp-json\/wp\/v2\/product_brand?post=3506"},{"taxonomy":"product_cat","embeddable":true,"href":"https:\/\/angconverters.com\/es\/wp-json\/wp\/v2\/product_cat?post=3506"},{"taxonomy":"product_tag","embeddable":true,"href":"https:\/\/angconverters.com\/es\/wp-json\/wp\/v2\/product_tag?post=3506"}],"curies":[{"name":"wp","href":"https:\/\/api.w.org\/{rel}","templated":true}]}}