{"id":3457,"date":"2023-01-28T10:43:51","date_gmt":"2023-01-28T15:43:51","guid":{"rendered":"https:\/\/ang.webdesignsbocaraton.com\/?post_type=product&#038;p=3457"},"modified":"2025-07-17T16:13:22","modified_gmt":"2025-07-17T16:13:22","slug":"adaptateur-de-queue-de-cochon-monophase-monophase-50a-a-100a","status":"publish","type":"product","link":"https:\/\/angconverters.com\/fr\/pigtail-adapter-single-phase-single-phase-50a-to-100a\/","title":{"rendered":"Adaptateur Pigtail US Dockside Monophas\u00e9 vers US Boatside Monophas\u00e9 - 50A 240V \u00e0 100A 240V"},"content":{"rendered":"","protected":false},"excerpt":{"rendered":"<p>Connecteur m\u00e2le 50A 125\/250V 1Ph - Connecteur femelle 100A 125\/250V 1Ph<\/p>\n<p>D\u00e9lai de livraison : 1-3 jours ouvrables<\/p>","protected":false},"featured_media":3464,"comment_status":"closed","ping_status":"closed","template":"","meta":[],"product_brand":[],"product_cat":[17],"product_tag":[],"class_list":{"0":"post-3457","1":"product","2":"type-product","3":"status-publish","4":"has-post-thumbnail","6":"product_cat-dockside-connections","8":"first","9":"instock","10":"taxable","11":"shipping-taxable","12":"purchasable","13":"product-type-simple"},"jetpack_sharing_enabled":true,"_links":{"self":[{"href":"https:\/\/angconverters.com\/fr\/wp-json\/wp\/v2\/product\/3457","targetHints":{"allow":["GET"]}}],"collection":[{"href":"https:\/\/angconverters.com\/fr\/wp-json\/wp\/v2\/product"}],"about":[{"href":"https:\/\/angconverters.com\/fr\/wp-json\/wp\/v2\/types\/product"}],"replies":[{"embeddable":true,"href":"https:\/\/angconverters.com\/fr\/wp-json\/wp\/v2\/comments?post=3457"}],"wp:featuredmedia":[{"embeddable":true,"href":"https:\/\/angconverters.com\/fr\/wp-json\/wp\/v2\/media\/3464"}],"wp:attachment":[{"href":"https:\/\/angconverters.com\/fr\/wp-json\/wp\/v2\/media?parent=3457"}],"wp:term":[{"taxonomy":"product_brand","embeddable":true,"href":"https:\/\/angconverters.com\/fr\/wp-json\/wp\/v2\/product_brand?post=3457"},{"taxonomy":"product_cat","embeddable":true,"href":"https:\/\/angconverters.com\/fr\/wp-json\/wp\/v2\/product_cat?post=3457"},{"taxonomy":"product_tag","embeddable":true,"href":"https:\/\/angconverters.com\/fr\/wp-json\/wp\/v2\/product_tag?post=3457"}],"curies":[{"name":"wp","href":"https:\/\/api.w.org\/{rel}","templated":true}]}}