{"id":3486,"date":"2023-01-28T11:18:02","date_gmt":"2023-01-28T16:18:02","guid":{"rendered":"https:\/\/ang.webdesignsbocaraton.com\/?post_type=product&#038;p=3486"},"modified":"2025-07-17T16:07:52","modified_gmt":"2025-07-17T16:07:52","slug":"adaptateur-de-queue-de-cochon-monophase-triphase-100a-a-100a-3","status":"publish","type":"product","link":"https:\/\/angconverters.com\/fr\/pigtail-adapter-single-phase-3-phase-100a-to-100a-3\/","title":{"rendered":"Adaptateur Pigtail US Dockside monophas\u00e9 \u00e0 US Boatside triphas\u00e9 100A 240V \u00e0 100A 480V"},"content":{"rendered":"","protected":false},"excerpt":{"rendered":"<p>Connecteur m\u00e2le 100A 125\/250V 1Ph 4 broches - Connecteur femelle 100A 277\/480V 3Ph 5 broches<\/p>\n<p>D\u00e9lai de livraison : 1-3 jours ouvrables<\/p>","protected":false},"featured_media":3473,"comment_status":"closed","ping_status":"closed","template":"","meta":[],"product_brand":[],"product_cat":[17],"product_tag":[],"class_list":{"0":"post-3486","1":"product","2":"type-product","3":"status-publish","4":"has-post-thumbnail","6":"product_cat-dockside-connections","8":"first","9":"instock","10":"taxable","11":"shipping-taxable","12":"purchasable","13":"product-type-simple"},"jetpack_sharing_enabled":true,"_links":{"self":[{"href":"https:\/\/angconverters.com\/fr\/wp-json\/wp\/v2\/product\/3486","targetHints":{"allow":["GET"]}}],"collection":[{"href":"https:\/\/angconverters.com\/fr\/wp-json\/wp\/v2\/product"}],"about":[{"href":"https:\/\/angconverters.com\/fr\/wp-json\/wp\/v2\/types\/product"}],"replies":[{"embeddable":true,"href":"https:\/\/angconverters.com\/fr\/wp-json\/wp\/v2\/comments?post=3486"}],"wp:featuredmedia":[{"embeddable":true,"href":"https:\/\/angconverters.com\/fr\/wp-json\/wp\/v2\/media\/3473"}],"wp:attachment":[{"href":"https:\/\/angconverters.com\/fr\/wp-json\/wp\/v2\/media?parent=3486"}],"wp:term":[{"taxonomy":"product_brand","embeddable":true,"href":"https:\/\/angconverters.com\/fr\/wp-json\/wp\/v2\/product_brand?post=3486"},{"taxonomy":"product_cat","embeddable":true,"href":"https:\/\/angconverters.com\/fr\/wp-json\/wp\/v2\/product_cat?post=3486"},{"taxonomy":"product_tag","embeddable":true,"href":"https:\/\/angconverters.com\/fr\/wp-json\/wp\/v2\/product_tag?post=3486"}],"curies":[{"name":"wp","href":"https:\/\/api.w.org\/{rel}","templated":true}]}}